{"id":946,"date":"2025-12-02T15:04:45","date_gmt":"2025-12-02T14:04:45","guid":{"rendered":"https:\/\/www.yachtclubstgoar.de\/?page_id=946"},"modified":"2026-03-19T09:15:36","modified_gmt":"2026-03-19T08:15:36","slug":"clubanlage","status":"publish","type":"page","link":"https:\/\/www.yachtclubstgoar.de\/?page_id=946","title":{"rendered":"Clubanlage"},"content":{"rendered":"\t\t<div data-elementor-type=\"wp-page\" data-elementor-id=\"946\" class=\"elementor elementor-946\">\n\t\t\t\t<div class=\"elementor-element elementor-element-14ded216 e-flex e-con-boxed jltma-glass-effect-no e-con e-parent\" data-id=\"14ded216\" data-element_type=\"container\" data-e-type=\"container\" data-settings=\"{&quot;background_background&quot;:&quot;classic&quot;}\">\n\t\t\t\t\t<div class=\"e-con-inner\">\n\t\t\t\t<div class=\"elementor-element elementor-element-2760687c jltma-glass-effect-no elementor-widget elementor-widget-elementskit-heading\" data-id=\"2760687c\" data-element_type=\"widget\" data-e-type=\"widget\" data-widget_type=\"elementskit-heading.default\">\n\t\t\t\t<div class=\"elementor-widget-container\">\n\t\t\t\t\t<div class=\"ekit-wid-con\" ><div class=\"ekit-heading elementskit-section-title-wraper text_left   ekit_heading_tablet-   ekit_heading_mobile-\"><h2 class=\"ekit-heading--title elementskit-section-title \">Clubanlage<\/h2><\/div><\/div>\t\t\t\t<\/div>\n\t\t\t\t<\/div>\n\t\t\t\t\t<\/div>\n\t\t\t\t<\/div>\n\t\t<div class=\"elementor-element elementor-element-15a73ddb e-flex e-con-boxed jltma-glass-effect-no e-con e-parent\" data-id=\"15a73ddb\" data-element_type=\"container\" data-e-type=\"container\" id=\"xs_cta_style_16\">\n\t\t\t\t\t<div class=\"e-con-inner\">\n\t\t<div class=\"elementor-element elementor-element-45ac0be e-con-full e-flex jltma-glass-effect-no e-con e-child\" data-id=\"45ac0be\" data-element_type=\"container\" data-e-type=\"container\" data-settings=\"{&quot;background_background&quot;:&quot;classic&quot;}\">\n\t\t\t\t<div class=\"elementor-element elementor-element-69f13af jltma-glass-effect-no elementor-widget elementor-widget-elementskit-heading\" data-id=\"69f13af\" data-element_type=\"widget\" data-e-type=\"widget\" data-widget_type=\"elementskit-heading.default\">\n\t\t\t\t<div class=\"elementor-widget-container\">\n\t\t\t\t\t<div class=\"ekit-wid-con\" ><div class=\"ekit-heading elementskit-section-title-wraper text_left   ekit_heading_tablet-   ekit_heading_mobile-\"><h2 class=\"ekit-heading--title elementskit-section-title \">Clubschiff &amp; Sonneninsel<\/h2>\t\t\t\t<div class='ekit-heading__description'>\n\t\t\t\t\t<p>In der Saison vom <strong>1. April bis 31. Oktober<\/strong> ist das Clubschiff an jedem Wochenende ge\u00f6ffnet und bietet Mitgliedern sowie G\u00e4sten einen <strong>klimatisierten, gem\u00fctlichen Gastraum<\/strong> mit gek\u00fchlten Getr\u00e4nken, Musik und guter Stimmung.<\/p>\n<p>Das Highlight ist unsere <strong>\u201eSonneninsel\u201c<\/strong>, eine gro\u00dfe schwimmende Plattform vor dem Clubschiff. Mit zahlreichen Strandk\u00f6rben l\u00e4dt sie zu einem entspannten Beisammensein ein \u2013 perfekt, um bei einem Glas Wein oder Sekt die <strong>wundersch\u00f6nen Sonnenunterg\u00e4nge<\/strong> zu genie\u00dfen.<\/p>\n\t\t\t\t<\/div>\n\t\t\t<\/div><\/div>\t\t\t\t<\/div>\n\t\t\t\t<\/div>\n\t\t\t\t<\/div>\n\t\t<div class=\"elementor-element elementor-element-7cbaa9f e-con-full e-flex jltma-glass-effect-no e-con e-child\" data-id=\"7cbaa9f\" data-element_type=\"container\" data-e-type=\"container\" data-settings=\"{&quot;background_background&quot;:&quot;classic&quot;}\">\n\t\t\t\t<div class=\"elementor-element elementor-element-1ee96e7 jltma-glass-effect-no elementor-widget elementor-widget-elementskit-heading\" data-id=\"1ee96e7\" data-element_type=\"widget\" data-e-type=\"widget\" data-widget_type=\"elementskit-heading.default\">\n\t\t\t\t<div class=\"elementor-widget-container\">\n\t\t\t\t\t<div class=\"ekit-wid-con\" ><div class=\"ekit-heading elementskit-section-title-wraper text_left   ekit_heading_tablet-   ekit_heading_mobile-\"><h2 class=\"ekit-heading--title elementskit-section-title \">Ausstattung<\/h2>\t\t\t\t<div class='ekit-heading__description'>\n\t\t\t\t\t<p>Die gesamte Steganlage ist mit <strong>Fingerstegen<\/strong> ausgestattet und erm\u00f6glicht ein leichtes Festmachen und sicheres Begehen der Boote \u2013 selbstverst\u00e4ndlich helfen wir dabei gerne.<\/p>\n<p>Jeder Steg verf\u00fcgt \u00fcber <strong>Stromanschl\u00fcsse mit CEE-Steckdose<\/strong>, sowie <strong>Frischwasser<\/strong> auf den Hauptstegen und in H\u00f6he des Clubschiffs.<\/p>\n<p>Gepflegte Toiletten f\u00fcr Damen und Herren sowie eine <strong>Gemeinschaftsdusche<\/strong> befinden sich im Heck des Clubschiffes und sind <strong>Tag und Nacht ge\u00f6ffnet<\/strong>.<\/p>\n\t\t\t\t<\/div>\n\t\t\t<\/div><\/div>\t\t\t\t<\/div>\n\t\t\t\t<\/div>\n\t\t\t\t<\/div>\n\t\t<div class=\"elementor-element elementor-element-eda2727 e-con-full e-flex jltma-glass-effect-no e-con e-child\" data-id=\"eda2727\" data-element_type=\"container\" data-e-type=\"container\" data-settings=\"{&quot;background_background&quot;:&quot;classic&quot;}\">\n\t\t\t\t<div class=\"elementor-element elementor-element-0d1f5de jltma-glass-effect-no elementor-widget elementor-widget-elementskit-heading\" data-id=\"0d1f5de\" data-element_type=\"widget\" data-e-type=\"widget\" data-widget_type=\"elementskit-heading.default\">\n\t\t\t\t<div class=\"elementor-widget-container\">\n\t\t\t\t\t<div class=\"ekit-wid-con\" ><div class=\"ekit-heading elementskit-section-title-wraper text_left   ekit_heading_tablet-   ekit_heading_mobile-\"><h2 class=\"ekit-heading--title elementskit-section-title \">Liegepl\u00e4tze, Slipanlage &amp; Winterlager<\/h2>\t\t\t\t<div class='ekit-heading__description'>\n\t\t\t\t\t<p>Unsere Anlage bietet Liegepl\u00e4tze f\u00fcr Boote <strong>bis<\/strong> <strong>14 m L\u00e4nge<\/strong>. Kleinere Sportboote liegen am L\u00e4ngssteiger, Kanus und Ruderboote k\u00f6nnen direkt an der Sonneninsel oder im hinteren Bereich der Anlage festmachen.<\/p>\n<p>In unmittelbarer N\u00e4he befindet sich eine <strong>Slipm\u00f6glichkeit<\/strong> \u2013 bitte ebenfalls beim Hafenmeister melden, wir helfen gerne pers\u00f6nlich.<br \/>Auch im Winter wird der Hafen als <strong>sicheres und preiswertes Winterlager<\/strong> genutzt, da er nur bei extremen Temperaturen zufriert und in der N\u00e4he des beheizten Clubschiffes meist eisfrei bleibt.<\/p>\n\t\t\t\t<\/div>\n\t\t\t<\/div><\/div>\t\t\t\t<\/div>\n\t\t\t\t<\/div>\n\t\t<div class=\"elementor-element elementor-element-4cc5664 e-con-full e-flex jltma-glass-effect-no e-con e-child\" data-id=\"4cc5664\" data-element_type=\"container\" data-e-type=\"container\">\n\t\t\t\t<div class=\"elementor-element elementor-element-ede175d jltma-glass-effect-no elementor-widget elementor-widget-image\" data-id=\"ede175d\" data-element_type=\"widget\" data-e-type=\"widget\" data-widget_type=\"image.default\">\n\t\t\t\t<div class=\"elementor-widget-container\">\n\t\t\t\t\t\t\t\t\t\t\t\t\t\t\t<img fetchpriority=\"high\" decoding=\"async\" width=\"1024\" height=\"768\" src=\"https:\/\/www.yachtclubstgoar.de\/wp-content\/uploads\/2025\/03\/DJI_20241004174503_0003_V-1024x768.jpg\" class=\"attachment-large size-large wp-image-933\" alt=\"\" srcset=\"https:\/\/www.yachtclubstgoar.de\/wp-content\/uploads\/2025\/03\/DJI_20241004174503_0003_V-1024x768.jpg 1024w, https:\/\/www.yachtclubstgoar.de\/wp-content\/uploads\/2025\/03\/DJI_20241004174503_0003_V-300x225.jpg 300w, https:\/\/www.yachtclubstgoar.de\/wp-content\/uploads\/2025\/03\/DJI_20241004174503_0003_V-768x576.jpg 768w, https:\/\/www.yachtclubstgoar.de\/wp-content\/uploads\/2025\/03\/DJI_20241004174503_0003_V-1536x1152.jpg 1536w, https:\/\/www.yachtclubstgoar.de\/wp-content\/uploads\/2025\/03\/DJI_20241004174503_0003_V-2048x1536.jpg 2048w, https:\/\/www.yachtclubstgoar.de\/wp-content\/uploads\/2025\/03\/DJI_20241004174503_0003_V-350x263.jpg 350w, https:\/\/www.yachtclubstgoar.de\/wp-content\/uploads\/2025\/03\/DJI_20241004174503_0003_V-600x450.jpg 600w\" sizes=\"(max-width: 1024px) 100vw, 1024px\" \/>\t\t\t\t\t\t\t\t\t\t\t\t\t\t\t<\/div>\n\t\t\t\t<\/div>\n\t\t\t\t<\/div>\n\t\t\t\t<\/div>\n\t\t\t\t\t<\/div>\n\t\t\t\t<\/div>\n\t\t<div class=\"elementor-element elementor-element-3bf66ab7 e-flex e-con-boxed jltma-glass-effect-no e-con e-parent\" data-id=\"3bf66ab7\" data-element_type=\"container\" data-e-type=\"container\">\n\t\t\t\t\t<div class=\"e-con-inner\">\n\t\t<div class=\"elementor-element elementor-element-16e94969 e-con-full e-flex jltma-glass-effect-no e-con e-child\" data-id=\"16e94969\" data-element_type=\"container\" data-e-type=\"container\" data-settings=\"{&quot;background_background&quot;:&quot;classic&quot;}\">\n\t\t<div class=\"elementor-element elementor-element-74e4d2de e-con-full e-flex jltma-glass-effect-no e-con e-child\" data-id=\"74e4d2de\" data-element_type=\"container\" data-e-type=\"container\" data-settings=\"{&quot;background_background&quot;:&quot;classic&quot;}\">\n\t\t\t\t<div class=\"elementor-element elementor-element-14ba1d63 jltma-glass-effect-no elementor-widget elementor-widget-heading\" data-id=\"14ba1d63\" data-element_type=\"widget\" data-e-type=\"widget\" data-widget_type=\"heading.default\">\n\t\t\t\t<div class=\"elementor-widget-container\">\n\t\t\t\t\t<h2 class=\"elementor-heading-title elementor-size-default\">Die neue Steganlage<\/h2>\t\t\t\t<\/div>\n\t\t\t\t<\/div>\n\t\t<div class=\"elementor-element elementor-element-3efddd7 e-con-full e-flex jltma-glass-effect-no e-con e-child\" data-id=\"3efddd7\" data-element_type=\"container\" data-e-type=\"container\">\n\t\t\t\t<div class=\"elementor-element elementor-element-389e006 jltma-glass-effect-no elementor-widget elementor-widget-text-editor\" data-id=\"389e006\" data-element_type=\"widget\" data-e-type=\"widget\" data-widget_type=\"text-editor.default\">\n\t\t\t\t<div class=\"elementor-widget-container\">\n\t\t\t\t\t\t\t\t\t<p>Seit Sp\u00e4tsommer 2024 k\u00f6nnen wir uns \u00fcber unsere neue Steganlage freuen.<\/p>\n<p><!-- \/wp:paragraph --><!-- wp:paragraph --><\/p>\n<p>Nach mehreren Jahren Vorbereitung und Gespr\u00e4chen wurde die Anlage im Sp\u00e4tsommer installiert. Anschlie\u00dfend haben wir noch einige &#8222;Kleinigkeiten&#8220; hinzugef\u00fcgt\/ge\u00e4ndert aber seit Sommer 2025 Ist sie nun vollst\u00e4ndig in Betrieb.<\/p>\n<p><!-- \/wp:paragraph --><!-- wp:paragraph --><\/p>\n<p>Wir verf\u00fcgen nun \u00fcber stabile Betonstege und angeflanschte Finger f\u00fcr Boote bis 15m.<\/p>\n<p><!-- \/wp:paragraph --><!-- wp:paragraph --><\/p>\t\t\t\t\t\t\t\t<\/div>\n\t\t\t\t<\/div>\n\t\t\t\t<\/div>\n\t\t\t\t<\/div>\n\t\t\t\t<\/div>\n\t\t\t\t<div class=\"elementor-element elementor-element-6d8e1e3f jltma-glass-effect-no elementor-widget elementor-widget-image\" data-id=\"6d8e1e3f\" data-element_type=\"widget\" data-e-type=\"widget\" data-widget_type=\"image.default\">\n\t\t\t\t<div class=\"elementor-widget-container\">\n\t\t\t\t\t\t\t\t\t\t\t\t\t\t\t<img decoding=\"async\" width=\"1024\" height=\"768\" src=\"https:\/\/www.yachtclubstgoar.de\/wp-content\/uploads\/2025\/03\/DJI_20241004175735_0033_V-1024x768.jpg\" class=\"attachment-large size-large wp-image-931\" alt=\"Clubanlage 1\" srcset=\"https:\/\/www.yachtclubstgoar.de\/wp-content\/uploads\/2025\/03\/DJI_20241004175735_0033_V-1024x768.jpg 1024w, https:\/\/www.yachtclubstgoar.de\/wp-content\/uploads\/2025\/03\/DJI_20241004175735_0033_V-300x225.jpg 300w, https:\/\/www.yachtclubstgoar.de\/wp-content\/uploads\/2025\/03\/DJI_20241004175735_0033_V-768x576.jpg 768w, https:\/\/www.yachtclubstgoar.de\/wp-content\/uploads\/2025\/03\/DJI_20241004175735_0033_V-1536x1152.jpg 1536w, https:\/\/www.yachtclubstgoar.de\/wp-content\/uploads\/2025\/03\/DJI_20241004175735_0033_V-2048x1536.jpg 2048w, https:\/\/www.yachtclubstgoar.de\/wp-content\/uploads\/2025\/03\/DJI_20241004175735_0033_V-350x263.jpg 350w, https:\/\/www.yachtclubstgoar.de\/wp-content\/uploads\/2025\/03\/DJI_20241004175735_0033_V-600x450.jpg 600w, https:\/\/www.yachtclubstgoar.de\/wp-content\/uploads\/2025\/03\/elementor\/thumbs\/DJI_20241004175735_0033_V-scaled-r3o4t4wx9dwdpw1gbovvc6br996sxk2i60xy17yd5w.jpg 15w\" sizes=\"(max-width: 1024px) 100vw, 1024px\" \/>\t\t\t\t\t\t\t\t\t\t\t\t\t\t\t<\/div>\n\t\t\t\t<\/div>\n\t\t\t\t\t<\/div>\n\t\t\t\t<\/div>\n\t\t\t\t<\/div>\n\t\t","protected":false},"excerpt":{"rendered":"<p>Clubanlage Clubschiff &amp; Sonneninsel In der Saison vom 1. April bis 31. Oktober ist das Clubschiff an jedem Wochenende ge\u00f6ffnet und bietet Mitgliedern sowie G\u00e4sten einen klimatisierten, gem\u00fctlichen Gastraum mit gek\u00fchlten Getr\u00e4nken, Musik und guter Stimmung. Das Highlight ist unsere \u201eSonneninsel\u201c, eine gro\u00dfe schwimmende Plattform vor dem Clubschiff. Mit zahlreichen Strandk\u00f6rben l\u00e4dt sie zu einem [&hellip;]<\/p>\n","protected":false},"author":3,"featured_media":0,"parent":0,"menu_order":0,"comment_status":"closed","ping_status":"closed","template":"elementor_header_footer","meta":{"_monsterinsights_skip_tracking":false,"_monsterinsights_sitenote_active":false,"_monsterinsights_sitenote_note":"","_monsterinsights_sitenote_category":0,"ocean_post_layout":"","ocean_both_sidebars_style":"","ocean_both_sidebars_content_width":0,"ocean_both_sidebars_sidebars_width":0,"ocean_sidebar":"","ocean_second_sidebar":"","ocean_disable_margins":"enable","ocean_add_body_class":"","ocean_shortcode_before_top_bar":"","ocean_shortcode_after_top_bar":"","ocean_shortcode_before_header":"","ocean_shortcode_after_header":"","ocean_has_shortcode":"","ocean_shortcode_after_title":"","ocean_shortcode_before_footer_widgets":"","ocean_shortcode_after_footer_widgets":"","ocean_shortcode_before_footer_bottom":"","ocean_shortcode_after_footer_bottom":"","ocean_display_top_bar":"default","ocean_display_header":"default","ocean_header_style":"","ocean_center_header_left_menu":"","ocean_custom_header_template":"","ocean_custom_logo":0,"ocean_custom_retina_logo":0,"ocean_custom_logo_max_width":0,"ocean_custom_logo_tablet_max_width":0,"ocean_custom_logo_mobile_max_width":0,"ocean_custom_logo_max_height":0,"ocean_custom_logo_tablet_max_height":0,"ocean_custom_logo_mobile_max_height":0,"ocean_header_custom_menu":"","ocean_menu_typo_font_family":"","ocean_menu_typo_font_subset":"","ocean_menu_typo_font_size":0,"ocean_menu_typo_font_size_tablet":0,"ocean_menu_typo_font_size_mobile":0,"ocean_menu_typo_font_size_unit":"px","ocean_menu_typo_font_weight":"","ocean_menu_typo_font_weight_tablet":"","ocean_menu_typo_font_weight_mobile":"","ocean_menu_typo_transform":"","ocean_menu_typo_transform_tablet":"","ocean_menu_typo_transform_mobile":"","ocean_menu_typo_line_height":0,"ocean_menu_typo_line_height_tablet":0,"ocean_menu_typo_line_height_mobile":0,"ocean_menu_typo_line_height_unit":"","ocean_menu_typo_spacing":0,"ocean_menu_typo_spacing_tablet":0,"ocean_menu_typo_spacing_mobile":0,"ocean_menu_typo_spacing_unit":"","ocean_menu_link_color":"","ocean_menu_link_color_hover":"","ocean_menu_link_color_active":"","ocean_menu_link_background":"","ocean_menu_link_hover_background":"","ocean_menu_link_active_background":"","ocean_menu_social_links_bg":"","ocean_menu_social_hover_links_bg":"","ocean_menu_social_links_color":"","ocean_menu_social_hover_links_color":"","ocean_disable_title":"on","ocean_disable_heading":"default","ocean_post_title":"","ocean_post_subheading":"","ocean_post_title_style":"","ocean_post_title_background_color":"","ocean_post_title_background":0,"ocean_post_title_bg_image_position":"","ocean_post_title_bg_image_attachment":"","ocean_post_title_bg_image_repeat":"","ocean_post_title_bg_image_size":"","ocean_post_title_height":0,"ocean_post_title_bg_overlay":0.5,"ocean_post_title_bg_overlay_color":"","ocean_disable_breadcrumbs":"default","ocean_breadcrumbs_color":"","ocean_breadcrumbs_separator_color":"","ocean_breadcrumbs_links_color":"","ocean_breadcrumbs_links_hover_color":"","ocean_display_footer_widgets":"default","ocean_display_footer_bottom":"default","ocean_custom_footer_template":"","footnotes":""},"class_list":["post-946","page","type-page","status-publish","hentry","entry"],"_links":{"self":[{"href":"https:\/\/www.yachtclubstgoar.de\/index.php?rest_route=\/wp\/v2\/pages\/946","targetHints":{"allow":["GET"]}}],"collection":[{"href":"https:\/\/www.yachtclubstgoar.de\/index.php?rest_route=\/wp\/v2\/pages"}],"about":[{"href":"https:\/\/www.yachtclubstgoar.de\/index.php?rest_route=\/wp\/v2\/types\/page"}],"author":[{"embeddable":true,"href":"https:\/\/www.yachtclubstgoar.de\/index.php?rest_route=\/wp\/v2\/users\/3"}],"replies":[{"embeddable":true,"href":"https:\/\/www.yachtclubstgoar.de\/index.php?rest_route=%2Fwp%2Fv2%2Fcomments&post=946"}],"version-history":[{"count":0,"href":"https:\/\/www.yachtclubstgoar.de\/index.php?rest_route=\/wp\/v2\/pages\/946\/revisions"}],"wp:attachment":[{"href":"https:\/\/www.yachtclubstgoar.de\/index.php?rest_route=%2Fwp%2Fv2%2Fmedia&parent=946"}],"curies":[{"name":"wp","href":"https:\/\/api.w.org\/{rel}","templated":true}]}}